{"id":143,"date":"2013-08-11T19:06:15","date_gmt":"2013-08-11T19:06:15","guid":{"rendered":"http:\/\/localhost:8888\/test\/?page_id=520"},"modified":"2025-03-23T14:05:57","modified_gmt":"2025-03-23T13:05:57","slug":"about","status":"publish","type":"page","link":"http:\/\/gymnasticshouse.com\/de\/elements\/pages\/about\/","title":{"rendered":"\u00dcber uns"},"content":{"rendered":"<div class=\"banner has-hover bg-blur has-parallax\" id=\"banner-434664900\">\n          <div class=\"banner-inner fill\">\n        <div class=\"banner-bg fill\" data-parallax=\"-3\" data-parallax-container=\".banner\" data-parallax-background>\n            <img loading=\"lazy\" decoding=\"async\" width=\"800\" height=\"800\" src=\"http:\/\/gymnasticshouse.com\/wp-content\/uploads\/2025\/03\/image-20250323135557275\u00b7E-2025-03-23-13.55.57-800x800.webp\" class=\"bg attachment-large size-large\" alt=\"\" \/>                        <div class=\"overlay\"><\/div>            \n                    <\/div>\n\t\t\n        <div class=\"banner-layers container\">\n            <div class=\"fill banner-link\"><\/div>            \n\n   <div id=\"text-box-1814692260\" class=\"text-box banner-layer x50 md-x50 lg-x50 y80 md-y80 lg-y80 res-text\">\n                                <div class=\"text-box-content text dark\">\n              \n              <div class=\"text-inner text-center\">\n                  \n\n<h1 class=\"lead\">\u00dcber Gymnastics House<\/h1>\n<p class=\"whitespace-pre-wrap break-words\">&nbsp;<\/p>\n\n              <\/div>\n           <\/div>\n                            \n<style>\n#text-box-1814692260 {\n  width: 60%;\n}\n#text-box-1814692260 .text-box-content {\n  font-size: 100%;\n}\n<\/style>\n    <\/div>\n \n\n        <\/div>\n      <\/div>\n\n            \n<style>\n#banner-434664900 {\n  padding-top: 507px;\n}\n#banner-434664900 .overlay {\n  background-color: rgba(0, 0, 0, 0.49);\n}\n<\/style>\n  <\/div>\n\n\n<div class=\"row\"  id=\"row-2051237393\">\n\n\n\t<div id=\"col-1390143445\" class=\"col small-12 large-12\"  >\n\t\t\t\t<div class=\"col-inner\"  >\n\t\t\t\n\t\t\t\n\n<h2 class=\"text-xl font-bold text-text-200 mt-1 -mb-0.5\">Treffen Sie Olga Kozhanova<\/h2>\n<p class=\"whitespace-pre-wrap break-words\">Willkommen im Gymnastics House, wo Leidenschaft auf Pr\u00e4zision trifft!<\/p>\n<p class=\"whitespace-pre-wrap break-words\">Ich bin Olga Kozhanova, Gr\u00fcnderin der Gymnastics House GmbH und eine ehemalige professionelle rhythmische Gymnastin mit einer lebenslangen Hingabe zu diesem sch\u00f6nen Sport. Meine Reise in die Rhythmische Sportgymnastik begann in einem fr\u00fchen Alter, in dem ich nicht nur einen Sport, sondern eine Form des k\u00fcnstlerischen Ausdrucks entdeckte, die mein ganzes Leben pr\u00e4gen sollte.<\/p>\n<p class=\"whitespace-pre-wrap break-words\">Nachdem ich jahrelang auf professionellem Niveau Wettk\u00e4mpfe bestritten hatte, ging ich zu meiner Leidenschaft als Lehrerin \u00fcber und erwarb Qualifikationen, die es mir erm\u00f6glichen, mein Fachwissen mit Gymnastinnen aller Alters- und Leistungsstufen zu teilen. Diese Reise vom Athleten zum Trainer hat mir einzigartige Einblicke sowohl in die technischen Anforderungen als auch in die emotionalen Aspekte der Rhythmischen Sportgymnastik gegeben.<\/p>\n<h2 class=\"text-xl font-bold text-text-200 mt-1 -mb-0.5\">Unsere Philosophie<\/h2>\n<p class=\"whitespace-pre-wrap break-words\">Wir von Gymnastics House sind davon \u00fcberzeugt, dass Qualit\u00e4tsger\u00e4te die Grundlage f\u00fcr ein sicheres und effektives Training sind. Jedes Produkt in unserer Kollektion wurde von mir pers\u00f6nlich auf der Grundlage meiner professionellen Erfahrung ausgew\u00e4hlt, um sicherzustellen, dass Sie als Anf\u00e4nger, der seine ersten Schritte in die Welt des Turnens macht, oder als erfahrener Athlet, der komplexe \u00dcbungen perfektioniert, Ger\u00e4te finden, die Sie auf Ihrem Weg unterst\u00fctzen.<\/p>\n<p class=\"whitespace-pre-wrap break-words\">Wir wissen, dass jeder Turner individuelle Bed\u00fcrfnisse und Ziele hat. Deshalb bieten wir eine sorgf\u00e4ltig zusammengestellte Auswahl an Ger\u00e4ten, Trainingshilfen und Bekleidung an, die darauf ausgelegt sind, die Leistung zu steigern und gleichzeitig Sicherheit und Komfort zu gew\u00e4hrleisten.<\/p>\n<h2 class=\"text-xl font-bold text-text-200 mt-1 -mb-0.5\">Unser Engagement<\/h2>\n<p class=\"whitespace-pre-wrap break-words\">Wenn Sie bei Gymnastics House einkaufen, kaufen Sie nicht einfach in einem Gesch\u00e4ft ein - Sie verbinden sich mit einer Gemeinschaft, die das Engagement, die Disziplin und die Freude am Turnen versteht. Wir verpflichten uns, Ihnen pers\u00f6nliche Beratung, fachkundigen Rat und Produkte zu bieten, die den h\u00f6chsten Qualit\u00e4tsstandards entsprechen.<\/p>\n<p class=\"whitespace-pre-wrap break-words\">Ich stehe pers\u00f6nlich hinter jedem Artikel, den wir verkaufen, denn ich wei\u00df, was den Unterschied zwischen einer guten Ausr\u00fcstung und einer gro\u00dfartigen Ausr\u00fcstung ausmacht. Meine Erfahrung als Wettk\u00e4mpfer und Trainer flie\u00dft in jede unserer Gesch\u00e4ftsentscheidungen ein.<\/p>\n<p class=\"whitespace-pre-wrap break-words\">Vielen Dank, dass Sie Gymnastics House besuchen. Ich freue mich darauf, Teil Ihrer Gymnastikreise zu sein!<\/p>\n<p class=\"whitespace-pre-wrap break-words\"><em>Olga Koschanowa<\/em><br \/><em>Gr\u00fcnderin, Gymnastikhaus GmbH<\/em><\/p>\n<div class=\"text-center\"><div class=\"is-divider divider clearfix\" ><\/div><\/div>\n\n\n\t\t<\/div>\n\t\t\t\t\t<\/div>\n\n\t\n\n\t<div id=\"col-1954097753\" class=\"col medium-3 small-12 large-3\"  >\n\t\t\t\t<div class=\"col-inner\"  >\n\t\t\t\n\t\t\t\n\n    <div class=\"box has-hover has-hover box-text-bottom\" >\n\n                  <div class=\"box-image\" style=\"width:80%;\">\n           <div class=\"box-image-inner image-cover\" style=\"border-radius:100%;padding-top:100%;\">\n              <img loading=\"lazy\" decoding=\"async\" width=\"1707\" height=\"2560\" src=\"http:\/\/gymnasticshouse.com\/wp-content\/uploads\/2025\/03\/DSC0139-scaled.jpg\" class=\"attachment- size-\" alt=\"\" srcset=\"http:\/\/gymnasticshouse.com\/wp-content\/uploads\/2025\/03\/DSC0139-scaled.jpg 1707w, http:\/\/gymnasticshouse.com\/wp-content\/uploads\/2025\/03\/DSC0139-267x400.jpg 267w, http:\/\/gymnasticshouse.com\/wp-content\/uploads\/2025\/03\/DSC0139-533x800.jpg 533w, http:\/\/gymnasticshouse.com\/wp-content\/uploads\/2025\/03\/DSC0139-768x1152.jpg 768w, http:\/\/gymnasticshouse.com\/wp-content\/uploads\/2025\/03\/DSC0139-1024x1536.jpg 1024w, http:\/\/gymnasticshouse.com\/wp-content\/uploads\/2025\/03\/DSC0139-1365x2048.jpg 1365w, http:\/\/gymnasticshouse.com\/wp-content\/uploads\/2025\/03\/DSC0139-8x12.jpg 8w, http:\/\/gymnasticshouse.com\/wp-content\/uploads\/2025\/03\/DSC0139-1320x1980.jpg 1320w, http:\/\/gymnasticshouse.com\/wp-content\/uploads\/2025\/03\/DSC0139-510x765.jpg 510w\" sizes=\"auto, (max-width: 1707px) 100vw, 1707px\" \/>                         <\/div>\n          <\/div>\n         \n          <div class=\"box-text text-center\" >\n                <div class=\"box-text-inner\">\n                  <h4 class=\"uppercase\">\n                    <span class=\"person-name\">Olga Koschanowa<\/span><br\/>\n                    <span class=\"person-title is-small thin-font op-7\">\n                      CEO\/Gr\u00fcnder                    <\/span>\n                  <\/h4>\n\t\t\t\t\t<div class=\"social-icons follow-icons\" ><a href=\"#\" target=\"_blank\" data-label=\"Facebook\" class=\"icon button circle is-outline tooltip facebook\" title=\"Auf Facebook folgen\" aria-label=\"Auf Facebook folgen\" rel=\"noopener nofollow\"><i class=\"icon-facebook\" aria-hidden=\"true\"><\/i><\/a><a href=\"#\" data-label=\"Twitter\" target=\"_blank\" class=\"icon button circle is-outline tooltip twitter\" title=\"Auf Twitter folgen\" aria-label=\"Auf Twitter folgen\" rel=\"noopener nofollow\"><i class=\"icon-twitter\" aria-hidden=\"true\"><\/i><\/a><a href=\"mailto:#info@gymnasticshouse.com\" data-label=\"E-mail\" target=\"_blank\" class=\"icon button circle is-outline tooltip email\" title=\"Senden Sie uns eine E-Mail\" aria-label=\"Senden Sie uns eine E-Mail\" rel=\"nofollow noopener\"><i class=\"icon-envelop\" aria-hidden=\"true\"><\/i><\/a><a href=\"#\" data-label=\"Pinterest\" target=\"_blank\" class=\"icon button circle is-outline tooltip pinterest\" title=\"Auf Pinterest folgen\" aria-label=\"Auf Pinterest folgen\" rel=\"noopener nofollow\"><i class=\"icon-pinterest\" aria-hidden=\"true\"><\/i><\/a><a href=\"#\" data-label=\"LinkedIn\" target=\"_blank\" class=\"icon button circle is-outline tooltip linkedin\" title=\"Auf Linkedin folgen\" aria-label=\"Auf Linkedin folgen\" rel=\"noopener nofollow\"><i class=\"icon-linkedin\" aria-hidden=\"true\"><\/i><\/a><\/div>\n\n<p>Olga Kozhanova, Gr\u00fcnderin der Gymnastics House GmbH und ehemalige professionelle Rhythmische Sportgymnastin mit einer lebenslangen Hingabe zu diesem sch\u00f6nen Sport.<\/p>\n\n                <\/div>\n          <\/div>\n    <\/div>\n\n\t\n    \n\n\t\t<\/div>\n\t\t\t\t\t<\/div>\n\n\t\n\n\t<div id=\"col-1820756588\" class=\"col medium-3 small-12 large-3\"  >\n\t\t\t\t<div class=\"col-inner\"  >\n\t\t\t\n\t\t\t\n\n    <div class=\"box has-hover hidden has-hover box-text-bottom\" >\n\n                  <div class=\"box-image\" style=\"width:80%;\">\n           <div class=\"box-image-inner image-cover\" style=\"border-radius:100%;padding-top:100%;\">\n              <img loading=\"lazy\" decoding=\"async\" width=\"400\" height=\"260\" src=\"http:\/\/gymnasticshouse.com\/wp-content\/uploads\/2016\/08\/dummy-1.jpg\" class=\"attachment- size-\" alt=\"\" srcset=\"http:\/\/gymnasticshouse.com\/wp-content\/uploads\/2016\/08\/dummy-1.jpg 400w, http:\/\/gymnasticshouse.com\/wp-content\/uploads\/2016\/08\/dummy-1-300x195.jpg 300w\" sizes=\"auto, (max-width: 400px) 100vw, 400px\" \/>                         <\/div>\n          <\/div>\n         \n          <div class=\"box-text text-center\" >\n                <div class=\"box-text-inner\">\n                  <h4 class=\"uppercase\">\n                    <span class=\"person-name\">Reichhaltige Spitze<\/span><br\/>\n                    <span class=\"person-title is-small thin-font op-7\">\n                      Direktorin f\u00fcr Marketing                    <\/span>\n                  <\/h4>\n\t\t\t\t\t<div class=\"social-icons follow-icons\" ><a href=\"#\" target=\"_blank\" data-label=\"Facebook\" class=\"icon button circle is-outline tooltip facebook\" title=\"Auf Facebook folgen\" aria-label=\"Auf Facebook folgen\" rel=\"noopener nofollow\"><i class=\"icon-facebook\" aria-hidden=\"true\"><\/i><\/a><a href=\"#\" data-label=\"Twitter\" target=\"_blank\" class=\"icon button circle is-outline tooltip twitter\" title=\"Auf Twitter folgen\" aria-label=\"Auf Twitter folgen\" rel=\"noopener nofollow\"><i class=\"icon-twitter\" aria-hidden=\"true\"><\/i><\/a><a href=\"mailto:#\" data-label=\"E-mail\" target=\"_blank\" class=\"icon button circle is-outline tooltip email\" title=\"Senden Sie uns eine E-Mail\" aria-label=\"Senden Sie uns eine E-Mail\" rel=\"nofollow noopener\"><i class=\"icon-envelop\" aria-hidden=\"true\"><\/i><\/a><a href=\"#\" data-label=\"Pinterest\" target=\"_blank\" class=\"icon button circle is-outline tooltip pinterest\" title=\"Auf Pinterest folgen\" aria-label=\"Auf Pinterest folgen\" rel=\"noopener nofollow\"><i class=\"icon-pinterest\" aria-hidden=\"true\"><\/i><\/a><a href=\"#\" data-label=\"LinkedIn\" target=\"_blank\" class=\"icon button circle is-outline tooltip linkedin\" title=\"Auf Linkedin folgen\" aria-label=\"Auf Linkedin folgen\" rel=\"noopener nofollow\"><i class=\"icon-linkedin\" aria-hidden=\"true\"><\/i><\/a><\/div>\n\n<p>Lorem ipsum dolor sit amet, consectetuer adipiscing elit, sed diam nonummy.<\/p>\n\n                <\/div>\n          <\/div>\n    <\/div>\n\n\t\n    \n\n\t\t<\/div>\n\t\t\t\t\t<\/div>\n\n\t\n\n\t<div id=\"col-348712667\" class=\"col medium-3 small-12 large-3\"  >\n\t\t\t\t<div class=\"col-inner\"  >\n\t\t\t\n\t\t\t\n\n    <div class=\"box has-hover hidden has-hover box-text-bottom\" >\n\n                  <div class=\"box-image\" style=\"width:80%;\">\n           <div class=\"box-image-inner image-cover\" style=\"border-radius:100%;padding-top:100%;\">\n              <img loading=\"lazy\" decoding=\"async\" width=\"400\" height=\"260\" src=\"http:\/\/gymnasticshouse.com\/wp-content\/uploads\/2016\/08\/dummy-1.jpg\" class=\"attachment- size-\" alt=\"\" srcset=\"http:\/\/gymnasticshouse.com\/wp-content\/uploads\/2016\/08\/dummy-1.jpg 400w, http:\/\/gymnasticshouse.com\/wp-content\/uploads\/2016\/08\/dummy-1-300x195.jpg 300w\" sizes=\"auto, (max-width: 400px) 100vw, 400px\" \/>                         <\/div>\n          <\/div>\n         \n          <div class=\"box-text text-center\" >\n                <div class=\"box-text-inner\">\n                  <h4 class=\"uppercase\">\n                    <span class=\"person-name\">Jane Gray<\/span><br\/>\n                    <span class=\"person-title is-small thin-font op-7\">\n                      \u00d6ffentlichkeitsarbeit                    <\/span>\n                  <\/h4>\n\t\t\t\t\t<div class=\"social-icons follow-icons\" ><a href=\"#\" target=\"_blank\" data-label=\"Facebook\" class=\"icon button circle is-outline tooltip facebook\" title=\"Auf Facebook folgen\" aria-label=\"Auf Facebook folgen\" rel=\"noopener nofollow\"><i class=\"icon-facebook\" aria-hidden=\"true\"><\/i><\/a><a href=\"#\" data-label=\"Twitter\" target=\"_blank\" class=\"icon button circle is-outline tooltip twitter\" title=\"Auf Twitter folgen\" aria-label=\"Auf Twitter folgen\" rel=\"noopener nofollow\"><i class=\"icon-twitter\" aria-hidden=\"true\"><\/i><\/a><a href=\"mailto:#\" data-label=\"E-mail\" target=\"_blank\" class=\"icon button circle is-outline tooltip email\" title=\"Senden Sie uns eine E-Mail\" aria-label=\"Senden Sie uns eine E-Mail\" rel=\"nofollow noopener\"><i class=\"icon-envelop\" aria-hidden=\"true\"><\/i><\/a><a href=\"#\" data-label=\"Pinterest\" target=\"_blank\" class=\"icon button circle is-outline tooltip pinterest\" title=\"Auf Pinterest folgen\" aria-label=\"Auf Pinterest folgen\" rel=\"noopener nofollow\"><i class=\"icon-pinterest\" aria-hidden=\"true\"><\/i><\/a><a href=\"#\" data-label=\"LinkedIn\" target=\"_blank\" class=\"icon button circle is-outline tooltip linkedin\" title=\"Auf Linkedin folgen\" aria-label=\"Auf Linkedin folgen\" rel=\"noopener nofollow\"><i class=\"icon-linkedin\" aria-hidden=\"true\"><\/i><\/a><\/div>\n\n<p>Lorem ipsum dolor sit amet, consectetuer adipiscing elit, sed diam nonummy.<\/p>\n\n                <\/div>\n          <\/div>\n    <\/div>\n\n\t\n    \n\n\t\t<\/div>\n\t\t\t\t\t<\/div>\n\n\t\n\n\t<div id=\"col-1125094670\" class=\"col medium-3 small-12 large-3\"  >\n\t\t\t\t<div class=\"col-inner\"  >\n\t\t\t\n\t\t\t\n\n    <div class=\"box has-hover hidden has-hover box-text-bottom\" >\n\n                  <div class=\"box-image\" style=\"width:80%;\">\n           <div class=\"box-image-inner image-cover\" style=\"border-radius:100%;padding-top:100%;\">\n              <img loading=\"lazy\" decoding=\"async\" width=\"400\" height=\"260\" src=\"http:\/\/gymnasticshouse.com\/wp-content\/uploads\/2016\/08\/dummy-1.jpg\" class=\"attachment- size-\" alt=\"\" srcset=\"http:\/\/gymnasticshouse.com\/wp-content\/uploads\/2016\/08\/dummy-1.jpg 400w, http:\/\/gymnasticshouse.com\/wp-content\/uploads\/2016\/08\/dummy-1-300x195.jpg 300w\" sizes=\"auto, (max-width: 400px) 100vw, 400px\" \/>                         <\/div>\n          <\/div>\n         \n          <div class=\"box-text text-center\" >\n                <div class=\"box-text-inner\">\n                  <h4 class=\"uppercase\">\n                    <span class=\"person-name\">Juli Holz<\/span><br\/>\n                    <span class=\"person-title is-small thin-font op-7\">\n                      Kundenbetreuung                    <\/span>\n                  <\/h4>\n\t\t\t\t\t<div class=\"social-icons follow-icons\" ><a href=\"#\" target=\"_blank\" data-label=\"Facebook\" class=\"icon button circle is-outline tooltip facebook\" title=\"Auf Facebook folgen\" aria-label=\"Auf Facebook folgen\" rel=\"noopener nofollow\"><i class=\"icon-facebook\" aria-hidden=\"true\"><\/i><\/a><a href=\"#\" data-label=\"Twitter\" target=\"_blank\" class=\"icon button circle is-outline tooltip twitter\" title=\"Auf Twitter folgen\" aria-label=\"Auf Twitter folgen\" rel=\"noopener nofollow\"><i class=\"icon-twitter\" aria-hidden=\"true\"><\/i><\/a><a href=\"mailto:#\" data-label=\"E-mail\" target=\"_blank\" class=\"icon button circle is-outline tooltip email\" title=\"Senden Sie uns eine E-Mail\" aria-label=\"Senden Sie uns eine E-Mail\" rel=\"nofollow noopener\"><i class=\"icon-envelop\" aria-hidden=\"true\"><\/i><\/a><a href=\"#\" data-label=\"Pinterest\" target=\"_blank\" class=\"icon button circle is-outline tooltip pinterest\" title=\"Auf Pinterest folgen\" aria-label=\"Auf Pinterest folgen\" rel=\"noopener nofollow\"><i class=\"icon-pinterest\" aria-hidden=\"true\"><\/i><\/a><a href=\"#\" data-label=\"LinkedIn\" target=\"_blank\" class=\"icon button circle is-outline tooltip linkedin\" title=\"Auf Linkedin folgen\" aria-label=\"Auf Linkedin folgen\" rel=\"noopener nofollow\"><i class=\"icon-linkedin\" aria-hidden=\"true\"><\/i><\/a><\/div>\n\n<p>Lorem ipsum dolor sit amet, consectetuer adipiscing elit, sed diam nonummy.<\/p>\n\n                <\/div>\n          <\/div>\n    <\/div>\n\n\t\n    \n\n\t\t<\/div>\n\t\t\t\t\t<\/div>\n\n\t\n\n<\/div>\n\n\n\n<p><\/p>","protected":false},"excerpt":{"rendered":"","protected":false},"author":1,"featured_media":69,"parent":104,"menu_order":0,"comment_status":"closed","ping_status":"closed","template":"page-transparent-header-light.php","meta":{"footnotes":""},"class_list":["post-143","page","type-page","status-publish","has-post-thumbnail","hentry"],"_links":{"self":[{"href":"http:\/\/gymnasticshouse.com\/de\/wp-json\/wp\/v2\/pages\/143","targetHints":{"allow":["GET"]}}],"collection":[{"href":"http:\/\/gymnasticshouse.com\/de\/wp-json\/wp\/v2\/pages"}],"about":[{"href":"http:\/\/gymnasticshouse.com\/de\/wp-json\/wp\/v2\/types\/page"}],"author":[{"embeddable":true,"href":"http:\/\/gymnasticshouse.com\/de\/wp-json\/wp\/v2\/users\/1"}],"replies":[{"embeddable":true,"href":"http:\/\/gymnasticshouse.com\/de\/wp-json\/wp\/v2\/comments?post=143"}],"version-history":[{"count":7,"href":"http:\/\/gymnasticshouse.com\/de\/wp-json\/wp\/v2\/pages\/143\/revisions"}],"predecessor-version":[{"id":524,"href":"http:\/\/gymnasticshouse.com\/de\/wp-json\/wp\/v2\/pages\/143\/revisions\/524"}],"up":[{"embeddable":true,"href":"http:\/\/gymnasticshouse.com\/de\/wp-json\/wp\/v2\/pages\/104"}],"wp:featuredmedia":[{"embeddable":true,"href":"http:\/\/gymnasticshouse.com\/de\/wp-json\/wp\/v2\/media\/69"}],"wp:attachment":[{"href":"http:\/\/gymnasticshouse.com\/de\/wp-json\/wp\/v2\/media?parent=143"}],"curies":[{"name":"wp","href":"https:\/\/api.w.org\/{rel}","templated":true}]}}