{"id":663,"date":"2025-04-20T11:36:04","date_gmt":"2025-04-20T10:36:04","guid":{"rendered":"https:\/\/gymnasticshouse.com\/?post_type=product&#038;p=663"},"modified":"2025-04-20T11:37:41","modified_gmt":"2025-04-20T10:37:41","slug":"leotards-purchase","status":"publish","type":"product","link":"http:\/\/gymnasticshouse.com\/de\/produkt\/leotards-purchase\/","title":{"rendered":"Trikots Kaufen"},"content":{"rendered":"<div>\ud83d\udecd Kauf aus dem Sortiment<\/div>\n<div><\/div>\n<div>Sie wollen nicht warten? W\u00e4hlen Sie ein Trikot aus der Konfektionskollektion - alles, was im Katalog vorgestellt wird, ist bestellbar.<\/div>\n<div>Prompte Lieferung, hochwertige Materialien und trendige Designs - f\u00fcr alle, die Wert auf Schnelligkeit und Stil legen.<\/div>\n<div><\/div>\n<div>Kontaktieren Sie uns, um Details zu besprechen, Fragen zu stellen oder eine Bestellung aufzugeben. Wir helfen Ihnen bei der Auswahl der besten Option f\u00fcr Sie!<\/div>\n<div><\/div>\n<div>In unserem Online-Shop k\u00f6nnen Sie ein bequemes Format f\u00fcr den Kauf eines Trikots f\u00fcr rhythmische Gymnastik w\u00e4hlen. Wir bieten:<\/div>\n<div><\/div>\n<div>\ud83d\udecd Konfektionierte Trikots<\/div>\n<div><\/div>\n<div>Sortiment: st\u00e4ndig aktualisiert<\/div>\n<div>Verf\u00fcgbare Gr\u00f6\u00dfen: von 4 bis 18 Jahren<\/div>\n<div><\/div>\n<div>Vorteile:<\/div>\n<div>- Schneller Kauf ohne Wartezeit<\/div>\n<div>- Fotos \u201cwie besehen\u201d + Video\u00fcberpr\u00fcfung auf Anfrage<\/div>\n<div>- Nur aktuelle Modelle, die Standards und Trends entsprechen<\/div>\n<div><\/div>\n<div>Kontaktieren Sie uns:<\/div>\n<div>Wir sind jederzeit bereit, Sie zu allen Formaten zu beraten, Ihnen bei der Auswahl zu helfen und Sie ausf\u00fchrlich \u00fcber die Bedingungen zu informieren.<\/div>\n<div>\ud83d\udce9 WhatsApp \/ Telegram \/ Email - Links am Ende der Seite<\/div>","protected":false},"excerpt":{"rendered":"<p>\ud83d\udecd Kauf aus dem Sortiment Sie wollen nicht warten? W\u00e4hlen Sie ein Trikot aus der Konfektionskollektion - alles, was im Katalog vorgestellt wird, kann bestellt werden. Prompte Lieferung, hochwertige Materialien und trendige Designs - f\u00fcr alle, die Wert auf Schnelligkeit und Stil legen. Kontaktieren Sie uns, um Details zu besprechen, Fragen zu stellen oder eine Bestellung aufzugeben. Wir werden Ihnen helfen [...]","protected":false},"featured_media":0,"comment_status":"open","ping_status":"closed","template":"","meta":[],"product_brand":[],"product_cat":[78,80],"product_tag":[],"class_list":{"0":"post-663","1":"product","2":"type-product","3":"status-publish","5":"product_cat-leotards","6":"product_cat-leotard-purchase","8":"first","9":"instock","10":"taxable","11":"shipping-taxable","12":"product-type-simple","13":"add-to-wishlist-after_add_to_cart"},"_links":{"self":[{"href":"http:\/\/gymnasticshouse.com\/de\/wp-json\/wp\/v2\/product\/663","targetHints":{"allow":["GET"]}}],"collection":[{"href":"http:\/\/gymnasticshouse.com\/de\/wp-json\/wp\/v2\/product"}],"about":[{"href":"http:\/\/gymnasticshouse.com\/de\/wp-json\/wp\/v2\/types\/product"}],"replies":[{"embeddable":true,"href":"http:\/\/gymnasticshouse.com\/de\/wp-json\/wp\/v2\/comments?post=663"}],"wp:attachment":[{"href":"http:\/\/gymnasticshouse.com\/de\/wp-json\/wp\/v2\/media?parent=663"}],"wp:term":[{"taxonomy":"product_brand","embeddable":true,"href":"http:\/\/gymnasticshouse.com\/de\/wp-json\/wp\/v2\/product_brand?post=663"},{"taxonomy":"product_cat","embeddable":true,"href":"http:\/\/gymnasticshouse.com\/de\/wp-json\/wp\/v2\/product_cat?post=663"},{"taxonomy":"product_tag","embeddable":true,"href":"http:\/\/gymnasticshouse.com\/de\/wp-json\/wp\/v2\/product_tag?post=663"}],"curies":[{"name":"wp","href":"https:\/\/api.w.org\/{rel}","templated":true}]}}