{"id":666,"date":"2025-04-20T11:44:39","date_gmt":"2025-04-20T10:44:39","guid":{"rendered":"https:\/\/gymnasticshouse.com\/?post_type=product&#038;p=666"},"modified":"2025-04-20T11:44:39","modified_gmt":"2025-04-20T10:44:39","slug":"music-services","status":"publish","type":"product","link":"http:\/\/gymnasticshouse.com\/de\/produkt\/music-services\/","title":{"rendered":"Musikdienstleistungen"},"content":{"rendered":"<div>\ud83c\udfb6 Musik f\u00fcr Ihren Auftritt - einwandfrei von Anfang bis Ende<\/div>\n<div><\/div>\n<div>Wir bieten ein professionelles Arrangement eines Musiktitels f\u00fcr ein Wettbewerbsprogramm:<\/div>\n<div><\/div>\n<div>\u2714\ufe0f Bearbeiten und Schneiden von Musik auf die gew\u00fcnschte Dauer<\/div>\n<div>\u2714\ufe0f Saubere \u00dcberg\u00e4nge und Bearbeitung ohne \"ausgefranste R\u00e4nder\"<\/div>\n<div>\u2714\ufe0f Hinzuf\u00fcgen eines Signals vor dem Start - je nach Wettbewerbsanforderungen<\/div>\n<div>\u2714\ufe0f Ber\u00fccksichtigung des Tempos, der Akzente und der charakteristischen Momente der \u00dcbung<\/div>\n<div><\/div>\n<div>\u23f1 Standarddauer:<\/div>\n<div>- Einzel- und Gruppenprogramme: 1:30, 2:30, etc.<\/div>\n<div><\/div>\n<div>\ud83d\udce9 Schick uns einfach deinen Track - wir machen den Rest!<\/div>\n<div><\/div>\n<div>Ihr Programm verdient die perfekte musikalische Untermalung \ud83c\udfa7<\/div>\n<div><\/div>\n<div>\ud83c\udfaf Ideal f\u00fcr ein Wettbewerbsprogramm!<\/div>\n<div><\/div>\n<div>Sie erhalten eine fertige Audioaufnahme im gew\u00fcnschten Format (MP3\/WAV)<\/div>","protected":false},"excerpt":{"rendered":"<p>\ud83c\udfb6 Musik f\u00fcr Ihren Auftritt - fehlerfrei von Anfang bis Ende Wir bieten die professionelle Gestaltung eines Musiktracks f\u00fcr ein Wettbewerbsprogramm: \u2714\ufe0f Bearbeiten und Schneiden der Musik auf die gew\u00fcnschte Dauer \u2714\ufe0f Saubere \u00dcberg\u00e4nge und Bearbeitung ohne \u201cAusfransungen\u201d \u2714\ufe0f Hinzuf\u00fcgen eines Signals vor dem Start - gem\u00e4\u00df den Anforderungen des Wettbewerbs \u2714\ufe0f Ber\u00fccksichtigung von [...]","protected":false},"featured_media":0,"comment_status":"open","ping_status":"closed","template":"","meta":[],"product_brand":[],"product_cat":[58],"product_tag":[],"class_list":{"0":"post-666","1":"product","2":"type-product","3":"status-publish","5":"product_cat-music","7":"first","8":"instock","9":"taxable","10":"shipping-taxable","11":"purchasable","12":"product-type-simple","13":"add-to-wishlist-after_add_to_cart"},"_links":{"self":[{"href":"http:\/\/gymnasticshouse.com\/de\/wp-json\/wp\/v2\/product\/666","targetHints":{"allow":["GET"]}}],"collection":[{"href":"http:\/\/gymnasticshouse.com\/de\/wp-json\/wp\/v2\/product"}],"about":[{"href":"http:\/\/gymnasticshouse.com\/de\/wp-json\/wp\/v2\/types\/product"}],"replies":[{"embeddable":true,"href":"http:\/\/gymnasticshouse.com\/de\/wp-json\/wp\/v2\/comments?post=666"}],"wp:attachment":[{"href":"http:\/\/gymnasticshouse.com\/de\/wp-json\/wp\/v2\/media?parent=666"}],"wp:term":[{"taxonomy":"product_brand","embeddable":true,"href":"http:\/\/gymnasticshouse.com\/de\/wp-json\/wp\/v2\/product_brand?post=666"},{"taxonomy":"product_cat","embeddable":true,"href":"http:\/\/gymnasticshouse.com\/de\/wp-json\/wp\/v2\/product_cat?post=666"},{"taxonomy":"product_tag","embeddable":true,"href":"http:\/\/gymnasticshouse.com\/de\/wp-json\/wp\/v2\/product_tag?post=666"}],"curies":[{"name":"wp","href":"https:\/\/api.w.org\/{rel}","templated":true}]}}